{"id":3998,"date":"2025-05-05T23:48:32","date_gmt":"2025-05-06T02:48:32","guid":{"rendered":"https:\/\/foxstorebr.com\/fsbr\/produto\/carregador-portatil-power-bank-10000mah-com-04-saidas-usb-v8-tipo-c-lightning-altomex-pn-963\/"},"modified":"2026-02-19T05:11:57","modified_gmt":"2026-02-19T08:11:57","slug":"carregador-portatil-power-bank","status":"publish","type":"product","link":"https:\/\/foxstorebr.com\/fsbr\/produto\/carregador-portatil-power-bank\/","title":{"rendered":"Carregador Port\u00e1til Power Bank"},"content":{"rendered":"<p>Carregador Port\u00e1til Power Bank 10000mAh com 04 Sa\u00eddas USB \/ V8 \/ TIPO-C \/ Lightning<\/p>\n<p>Descri\u00e7\u00e3o T\u00e9cnica:<br \/>\n&#8211; Carregador Port\u00e1til<br \/>\n&#8211; Power Bank<br \/>\n&#8211; Cabos 4 em 1<br \/>\n&#8211; Bateria de alta qualidade<br \/>\n&#8211; Prote\u00e7\u00e3o contra Curto-circuito<br \/>\n&#8211; Carregamento r\u00e1pido<br \/>\n&#8211; Cabos aut\u00f3nomos e destac\u00e1veis<\/p>\n<p>Especifica\u00e7\u00f5es:<br \/>\n&#8211; Sa\u00edda 1: 5V = 2.1A<br \/>\n&#8211; Sa\u00edda 2: 5V = 2.1A<br \/>\n&#8211; Entrada: Tipo-C\/5V = 2.1A<br \/>\n&#8211; USB5V = 2.1A<br \/>\n&#8211; Capacidade: 10000mAh<\/p>\n<p>Conex\u00e3o:<br \/>\n&#8211; USB<br \/>\n&#8211; V8<br \/>\n&#8211; TIPO-C<br \/>\n&#8211; Lightning IOS<\/p>\n<p>Cont\u00e9m:<br \/>\n&#8211; 1 Power Bank<br \/>\n&#8211; 1 Manual de instru\u00e7\u00f5es<\/p>\n","protected":false},"excerpt":{"rendered":"<p>Carregador Port\u00e1til Power Bank 10000mAh com 04 Sa\u00eddas USB \/ V8 \/ TIPO-C \/ Lightning Descri\u00e7\u00e3o T\u00e9cnica: &#8211; Carregador Port\u00e1til &#8211; Power Bank &#8211; Cabos&#8230;<\/p>\n","protected":false},"featured_media":3999,"comment_status":"open","ping_status":"closed","template":"","meta":[],"etheme_brands":[],"product_brand":[],"product_cat":[15],"product_tag":[],"class_list":{"0":"post-3998","1":"product","2":"type-product","3":"status-publish","4":"has-post-thumbnail","6":"product_cat-promocao","8":"first","9":"instock","10":"sale","11":"taxable","12":"shipping-taxable","13":"purchasable","14":"product-type-variable","15":"has-default-attributes"},"_links":{"self":[{"href":"https:\/\/foxstorebr.com\/fsbr\/wp-json\/wp\/v2\/product\/3998","targetHints":{"allow":["GET"]}}],"collection":[{"href":"https:\/\/foxstorebr.com\/fsbr\/wp-json\/wp\/v2\/product"}],"about":[{"href":"https:\/\/foxstorebr.com\/fsbr\/wp-json\/wp\/v2\/types\/product"}],"replies":[{"embeddable":true,"href":"https:\/\/foxstorebr.com\/fsbr\/wp-json\/wp\/v2\/comments?post=3998"}],"version-history":[{"count":3,"href":"https:\/\/foxstorebr.com\/fsbr\/wp-json\/wp\/v2\/product\/3998\/revisions"}],"predecessor-version":[{"id":4004,"href":"https:\/\/foxstorebr.com\/fsbr\/wp-json\/wp\/v2\/product\/3998\/revisions\/4004"}],"wp:featuredmedia":[{"embeddable":true,"href":"https:\/\/foxstorebr.com\/fsbr\/wp-json\/wp\/v2\/media\/3999"}],"wp:attachment":[{"href":"https:\/\/foxstorebr.com\/fsbr\/wp-json\/wp\/v2\/media?parent=3998"}],"wp:term":[{"taxonomy":"brand","embeddable":true,"href":"https:\/\/foxstorebr.com\/fsbr\/wp-json\/wp\/v2\/etheme_brands?post=3998"},{"taxonomy":"product_brand","embeddable":true,"href":"https:\/\/foxstorebr.com\/fsbr\/wp-json\/wp\/v2\/product_brand?post=3998"},{"taxonomy":"product_cat","embeddable":true,"href":"https:\/\/foxstorebr.com\/fsbr\/wp-json\/wp\/v2\/product_cat?post=3998"},{"taxonomy":"product_tag","embeddable":true,"href":"https:\/\/foxstorebr.com\/fsbr\/wp-json\/wp\/v2\/product_tag?post=3998"}],"curies":[{"name":"wp","href":"https:\/\/api.w.org\/{rel}","templated":true}]}}