{"id":3986,"date":"2025-04-30T09:56:58","date_gmt":"2025-04-30T12:56:58","guid":{"rendered":"https:\/\/foxstorebr.com\/fsbr\/produto\/fone-de-ouvido-headphone-bluetooth-sem-fio-wireless-p9-white\/"},"modified":"2025-10-31T20:09:58","modified_gmt":"2025-10-31T23:09:58","slug":"fone-de-ouvido-headphone-bluetooth-sem-fio-wireless-p9-white","status":"publish","type":"product","link":"https:\/\/foxstorebr.com\/fsbr\/produto\/fone-de-ouvido-headphone-bluetooth-sem-fio-wireless-p9-white\/","title":{"rendered":"Fone de Ouvido Headphone Bluetooth Sem Fio Wireless P9"},"content":{"rendered":"<p>Fone de Ouvido Headphone Bluetooth Sem Fio Wireless WHITE <\/p>\n<p>  Com design ergon\u00f4mico impec\u00e1vel, este fone foi projetado com alto conforto al\u00e9m de um excelente \u00e1udio, contando com cancelamento de ru\u00eddo que impede que sons externos te atrapalhem ao us\u00e1-lo.<\/p>\n<p>  O driver din\u00e2mico oferece \u00e1udio imersivo de alta fidelidade, al\u00e9m tamb\u00e9m de seu modo \u00e1udio espacial com rastreamento din\u00e2mico de movimentos da cabe\u00e7a e tenha som surround digno de cinema!!<\/p>\n<p>  Leve, pr\u00e1tico e simples ao utilizar! Adquira j\u00e1 o seu!<\/p>\n<p>  Recursos Principais:<\/p>\n<p>  -Conex\u00e3o Bluetooth: Permite emparelhamento r\u00e1pido e est\u00e1vel com dispositivos compativeis, proporcionando maior comodidade e liberdade de movimento.<\/p>\n<p>  -Cancelamento de Ru\u00eddo: Tecnologia avan\u00e7ada que reduz o ru\u00eddo externo, permitindo que voc\u00ea se concentre totalmente na m\u00fasica ou nas chamadas.<\/p>\n<p>  -Qualidade de Som Superior: Com drivers de \u00e1udio de alta defini\u00e7\u00e3o, o Fone de Ouvido P9 oferece uma experi\u00eancia sonora n\u00edtida e envolvente, com graves profundos e agudos cristalinos.<\/p>\n<p>  -Design Ergon\u00f4mico: Confort\u00e1vel para uso prolongado, com ajuste seguro e est\u00e1vel. <\/p>\n<p>  Al\u00e9m disso, possui controles intuitivos para ajuste de volume, troca de faixas.<\/p>\n<p>  -Bateria de Longa Dura\u00e7\u00e3o: Com uma \u00fanica carga, voc\u00ea pode desfrutar de horas de reprodu\u00e7\u00e3o continua. Ideal para uso durante atividades f\u00edsicas e viagens<\/p>\n<p>  Com um som de alta qualidade, conex\u00e3o est\u00e1vel e cancelamento de ru\u00eddo, esse fone de ouvido proporciona uma experi\u00eancia sonora excepcional.a.<\/p>\n<p>  Especifica\u00e7\u00e3o t\u00e9cnica:<br \/>\n  &#8211; Modelo: P9<br \/>\n  &#8211; Conex\u00e3o: Sem fio V5.0+EDR<br \/>\n  &#8211; Compatibilidade: Todos os modelos de celular<br \/>\n  &#8211; Dist\u00e2ncia de transmiss\u00e3o: 10-15 metros sem barreiras;<br \/>\n  &#8211; Capacidade da bateria: 500mAh<br \/>\n  &#8211; Sensibilidade: 105 3db<br \/>\n  &#8211; Tempo de reprodu\u00e7\u00e3o: at\u00e9 3-4hrs (dependendo do volume e do tipo de som)<br \/>\n  &#8211; Tempo de espera: 1800h<br \/>\n  &#8211; Carregando tempo: cerca de 2h<br \/>\n  &#8211; Entrada para Cart\u00e3o de mem\u00f3ria<br \/>\n  &#8211; Porta de carregamento: USB<br \/>\n  &#8211; Com Microfone embutido<br \/>\n  &#8211; Bluetooth: 5.0<br \/>\n  &#8211; Faixa de frequ\u00eancia: 20Hz a 20kHz;<br \/>\n  &#8211; Canal: Est\u00e9reo<br \/>\n  &#8211; Bot\u00e3o De Controle: Sim<br \/>\n  &#8211; Cancelamento De Ru\u00eddo Ativo: N\u00e3o<br \/>\n  &#8211; Comunica\u00e7\u00e3o: Wireless + Wired<br \/>\n  &#8211; Controle de Volume: Sim<br \/>\n  &#8211; Sem Fio: Sim<br \/>\n  &#8211; Conectores: 40 Mm<br \/>\n  &#8211; Resistencia: 32 Omns                                                                         <\/p>\n<p>  Cores dispon\u00edveis:<br \/>\n  &#8211; Branco<\/p>\n<p>  L: 23,0 x C: 8,0 x A: 24cm<\/p>\n<p>  *****Caixa fechada com 80 pe\u00e7as R$ 24,99 cada unidade.<br \/>\n  *****Variando a quantidade dos produtos os pre\u00e7os podem ser negociados, consulte o vendedor.<\/p>\n","protected":false},"excerpt":{"rendered":"<p>Fone de Ouvido Headphone Bluetooth Sem Fio Wireless WHITE Com design ergon\u00f4mico impec\u00e1vel, este fone foi projetado com alto conforto al\u00e9m de um excelente \u00e1udio,&#8230;<\/p>\n","protected":false},"featured_media":3987,"comment_status":"open","ping_status":"closed","template":"","meta":[],"etheme_brands":[],"product_brand":[],"product_cat":[15],"product_tag":[],"class_list":{"0":"post-3986","1":"product","2":"type-product","3":"status-publish","4":"has-post-thumbnail","6":"product_cat-promocao","8":"first","9":"instock","10":"sale","11":"taxable","12":"shipping-taxable","13":"purchasable","14":"product-type-variable"},"_links":{"self":[{"href":"https:\/\/foxstorebr.com\/fsbr\/wp-json\/wp\/v2\/product\/3986","targetHints":{"allow":["GET"]}}],"collection":[{"href":"https:\/\/foxstorebr.com\/fsbr\/wp-json\/wp\/v2\/product"}],"about":[{"href":"https:\/\/foxstorebr.com\/fsbr\/wp-json\/wp\/v2\/types\/product"}],"replies":[{"embeddable":true,"href":"https:\/\/foxstorebr.com\/fsbr\/wp-json\/wp\/v2\/comments?post=3986"}],"version-history":[{"count":1,"href":"https:\/\/foxstorebr.com\/fsbr\/wp-json\/wp\/v2\/product\/3986\/revisions"}],"predecessor-version":[{"id":3992,"href":"https:\/\/foxstorebr.com\/fsbr\/wp-json\/wp\/v2\/product\/3986\/revisions\/3992"}],"wp:featuredmedia":[{"embeddable":true,"href":"https:\/\/foxstorebr.com\/fsbr\/wp-json\/wp\/v2\/media\/3987"}],"wp:attachment":[{"href":"https:\/\/foxstorebr.com\/fsbr\/wp-json\/wp\/v2\/media?parent=3986"}],"wp:term":[{"taxonomy":"brand","embeddable":true,"href":"https:\/\/foxstorebr.com\/fsbr\/wp-json\/wp\/v2\/etheme_brands?post=3986"},{"taxonomy":"product_brand","embeddable":true,"href":"https:\/\/foxstorebr.com\/fsbr\/wp-json\/wp\/v2\/product_brand?post=3986"},{"taxonomy":"product_cat","embeddable":true,"href":"https:\/\/foxstorebr.com\/fsbr\/wp-json\/wp\/v2\/product_cat?post=3986"},{"taxonomy":"product_tag","embeddable":true,"href":"https:\/\/foxstorebr.com\/fsbr\/wp-json\/wp\/v2\/product_tag?post=3986"}],"curies":[{"name":"wp","href":"https:\/\/api.w.org\/{rel}","templated":true}]}}