{"id":3645,"date":"2025-04-14T15:46:27","date_gmt":"2025-04-14T18:46:27","guid":{"rendered":"https:\/\/foxstorebr.com\/fsbr\/?post_type=product&#038;p=3645"},"modified":"2026-02-09T10:45:56","modified_gmt":"2026-02-09T13:45:56","slug":"redmi-a3x","status":"publish","type":"product","link":"https:\/\/foxstorebr.com\/fsbr\/produto\/redmi-a3x\/","title":{"rendered":"Redmi A3X"},"content":{"rendered":"<h2 class=\"sc-dcJsrY iVJGKX\" data-testid=\"product-detail-label\">Informa\u00e7\u00f5es do Produto<\/h2>\n<p><span class=\"sc-dcJsrY jZKEso\" data-testid=\"product-detail-title\">Smartphone A3X 128GB 4GB RAM Dual SIM Tela 6.71 Moonlight White Branco &#8211; Xiaom i<\/span><\/p>\n<div class=\"sc-iGgWBj jEOEJZ sc-jzlYRg hCclaE\" data-testid=\"product-detail-description\">\n<div class=\"sc-iGgWBj eWtIHQ sc-dqkPBG bxYLFk\" data-testid=\"rich-content-container\">Smartphone A3X apresenta um design elegante. Sua tela IPS LCD de 90Hz oferece uma experi\u00eancia visual suave. Equipado com um processador de 8 n\u00facleos, proporciona desempenho aprimorado. A c\u00e2mera traseira capta imagens de alta qualidade. Com uma bateria de longa dura\u00e7\u00e3o e carregamento inteligente via USB-C, mant\u00e9m voc\u00ea conectado por mais tempo, garantindo praticidade e efici\u00eancia no uso di\u00e1rio.<\/div>\n<\/div>\n<div data-testid=\"rich-content-container\">\n<table class=\"sc-iGgWBj iCEidV sc-dBFDNq cBaKYh\">\n<tbody>\n<tr>\n<td class=\"sc-ggqIjW ihJCKE\">Certificado de homologa\u00e7\u00e3o da ANATEL<\/td>\n<td class=\"sc-djVXDX hyYAsv\">\n<table class=\"sc-btwKTd lVIGE\">\n<tbody>\n<tr>\n<td>217652209185<\/td>\n<\/tr>\n<\/tbody>\n<\/table>\n<\/td>\n<\/tr>\n<tr>\n<td class=\"sc-ggqIjW ihJCKE\">Informa\u00e7\u00f5es complementares<\/td>\n<td class=\"sc-djVXDX hyYAsv\">\n<table class=\"sc-btwKTd lVIGE\">\n<tbody>\n<tr>\n<td class=\"sc-epRvzc gNpdle\">Armazenamento Interno<\/td>\n<td>128GB<\/td>\n<\/tr>\n<tr>\n<td class=\"sc-epRvzc gNpdle\">Cor<\/td>\n<td>Moonlight White Branco<\/td>\n<\/tr>\n<tr>\n<td class=\"sc-epRvzc gNpdle\">Marca<\/td>\n<td>Xiaomi<\/td>\n<\/tr>\n<tr>\n<td class=\"sc-epRvzc gNpdle\">Mem\u00f3ria RAM<\/td>\n<td>4GB<\/td>\n<\/tr>\n<tr>\n<td class=\"sc-epRvzc gNpdle\">Modelo<\/td>\n<td>A3X<\/td>\n<\/tr>\n<tr>\n<td class=\"sc-epRvzc gNpdle\">Processador<\/td>\n<td>8 n\u00facleos<\/td>\n<\/tr>\n<tr>\n<td class=\"sc-epRvzc gNpdle\">Quantidade de Chips<\/td>\n<td>Dual SIM<\/td>\n<\/tr>\n<tr>\n<td class=\"sc-epRvzc gNpdle\">Tamanho da Tela<\/td>\n<td>6.71<\/td>\n<\/tr>\n<tr>\n<td class=\"sc-epRvzc gNpdle\">Taxa de Atualiza\u00e7\u00e3o da Tela<\/td>\n<td>90Hz<\/td>\n<\/tr>\n<tr>\n<td class=\"sc-epRvzc gNpdle\">Tipo de Tela<\/td>\n<td>IPS LCD<\/td>\n<\/tr>\n<\/tbody>\n<\/table>\n<\/td>\n<\/tr>\n<\/tbody>\n<\/table>\n<p><iframe loading=\"lazy\" title=\"Redmi A3X\" width=\"1170\" height=\"658\" src=\"https:\/\/www.youtube.com\/embed\/_aHSv5oA1p4?feature=oembed\" frameborder=\"0\" allow=\"accelerometer; autoplay; clipboard-write; encrypted-media; gyroscope; picture-in-picture; web-share\" referrerpolicy=\"strict-origin-when-cross-origin\" allowfullscreen><\/iframe><\/p>\n<\/div>\n","protected":false},"excerpt":{"rendered":"<div class=\"ui-pdp-container__row ui-pdp-container__row--highlighted-features-title\">\n<h2 class=\"ui-vpp-text-alignment--left ui-pdp-color--BLACK ui-pdp-size--XSMALL ui-pdp-family--SEMIBOLD highlighted-features-title\">O que voc\u00ea precisa saber sobre este produto<\/h2>\n<\/div>\n<div class=\"ui-pdp-container__row ui-pdp-container__row--highlighted-features\">\n<div class=\"ui-vpp-highlighted-specs__features\">\n<ul class=\"ui-vpp-highlighted-specs__features-list\">\n<li class=\"ui-vpp-highlighted-specs__features-list-item ui-pdp-color--BLACK ui-pdp-size--XSMALL ui-pdp-family--REGULAR\">Dispositivo desbloqueado para que voc\u00ea escolha a companhia telef\u00f4nica de sua prefer\u00eancia.<\/li>\n<li class=\"ui-vpp-highlighted-specs__features-list-item ui-pdp-color--BLACK ui-pdp-size--XSMALL ui-pdp-family--REGULAR\">Tela Super AMOLED de 6.09&#8243;.<\/li>\n<li class=\"ui-vpp-highlighted-specs__features-list-item ui-pdp-color--BLACK ui-pdp-size--XSMALL ui-pdp-family--REGULAR\">Tem 3 c\u00e2meras traseiras de 48Mpx\/8Mpx\/2Mpx.<\/li>\n<li class=\"ui-vpp-highlighted-specs__features-list-item ui-pdp-color--BLACK ui-pdp-size--XSMALL ui-pdp-family--REGULAR\">C\u00e2mera frontal de 32Mpx.<\/li>\n<li class=\"ui-vpp-highlighted-specs__features-list-item ui-pdp-color--BLACK ui-pdp-size--XSMALL ui-pdp-family--REGULAR\">Processador Snapdragon 665 Octa-Core de 2GHz com 4GB de RAM.<\/li>\n<li class=\"ui-vpp-highlighted-specs__features-list-item ui-pdp-color--BLACK ui-pdp-size--XSMALL ui-pdp-family--REGULAR\">Bateria de 4.03 Ah.<\/li>\n<li class=\"ui-vpp-highlighted-specs__features-list-item ui-pdp-color--BLACK ui-pdp-size--XSMALL ui-pdp-family--REGULAR\">Mem\u00f3ria interna de 128GB.<\/li>\n<li class=\"ui-vpp-highlighted-specs__features-list-item ui-pdp-color--BLACK ui-pdp-size--XSMALL ui-pdp-family--REGULAR\">Com reconhecimento facial e sensor de impress\u00e3o digital.<\/li>\n<\/ul>\n<\/div>\n<\/div>\n","protected":false},"featured_media":3648,"comment_status":"open","ping_status":"closed","template":"","meta":[],"etheme_brands":[{"term_id":91,"name":"Xiaomi","slug":"xiaomi","term_group":0,"term_taxonomy_id":91,"taxonomy":"brand","description":"","parent":0,"count":2,"filter":"raw"}],"product_brand":[],"product_cat":[64,67],"product_tag":[93,94,92],"class_list":{"0":"post-3645","1":"product","2":"type-product","3":"status-publish","4":"has-post-thumbnail","6":"brand-xiaomi","7":"product_cat-daily-deals","8":"product_cat-cell-phones","9":"product_tag-celular","10":"product_tag-smartphone","11":"product_tag-telefone","13":"first","14":"instock","15":"taxable","16":"shipping-taxable","17":"product-type-variable","18":"has-default-attributes"},"_links":{"self":[{"href":"https:\/\/foxstorebr.com\/fsbr\/wp-json\/wp\/v2\/product\/3645","targetHints":{"allow":["GET"]}}],"collection":[{"href":"https:\/\/foxstorebr.com\/fsbr\/wp-json\/wp\/v2\/product"}],"about":[{"href":"https:\/\/foxstorebr.com\/fsbr\/wp-json\/wp\/v2\/types\/product"}],"replies":[{"embeddable":true,"href":"https:\/\/foxstorebr.com\/fsbr\/wp-json\/wp\/v2\/comments?post=3645"}],"version-history":[{"count":4,"href":"https:\/\/foxstorebr.com\/fsbr\/wp-json\/wp\/v2\/product\/3645\/revisions"}],"predecessor-version":[{"id":3708,"href":"https:\/\/foxstorebr.com\/fsbr\/wp-json\/wp\/v2\/product\/3645\/revisions\/3708"}],"wp:featuredmedia":[{"embeddable":true,"href":"https:\/\/foxstorebr.com\/fsbr\/wp-json\/wp\/v2\/media\/3648"}],"wp:attachment":[{"href":"https:\/\/foxstorebr.com\/fsbr\/wp-json\/wp\/v2\/media?parent=3645"}],"wp:term":[{"taxonomy":"brand","embeddable":true,"href":"https:\/\/foxstorebr.com\/fsbr\/wp-json\/wp\/v2\/etheme_brands?post=3645"},{"taxonomy":"product_brand","embeddable":true,"href":"https:\/\/foxstorebr.com\/fsbr\/wp-json\/wp\/v2\/product_brand?post=3645"},{"taxonomy":"product_cat","embeddable":true,"href":"https:\/\/foxstorebr.com\/fsbr\/wp-json\/wp\/v2\/product_cat?post=3645"},{"taxonomy":"product_tag","embeddable":true,"href":"https:\/\/foxstorebr.com\/fsbr\/wp-json\/wp\/v2\/product_tag?post=3645"}],"curies":[{"name":"wp","href":"https:\/\/api.w.org\/{rel}","templated":true}]}}