{"id":581,"date":"2023-11-14T10:05:23","date_gmt":"2023-11-14T10:05:23","guid":{"rendered":"https:\/\/xstore.8theme.com\/elementor3\/electronic-mega-market\/?page_id=581"},"modified":"2025-04-08T18:08:45","modified_gmt":"2025-04-08T21:08:45","slug":"frequently-asked-question","status":"publish","type":"page","link":"https:\/\/foxstorebr.com\/fsbr\/frequently-asked-question\/","title":{"rendered":"Pergunta Frequente"},"content":{"rendered":"\t\t<div data-elementor-type=\"wp-page\" data-elementor-id=\"581\" class=\"elementor elementor-581\" data-elementor-post-type=\"page\">\n\t\t\t\t\t\t<section class=\"elementor-section elementor-top-section elementor-element elementor-element-7d7fcbe elementor-section-boxed elementor-section-height-default elementor-section-height-default\" data-id=\"7d7fcbe\" data-element_type=\"section\" data-e-type=\"section\">\n\t\t\t\t\t\t<div class=\"elementor-container elementor-column-gap-no\">\n\t\t\t\t\t<div class=\"elementor-column elementor-col-100 elementor-top-column elementor-element elementor-element-58c35ce\" data-id=\"58c35ce\" data-element_type=\"column\" data-e-type=\"column\">\n\t\t\t<div class=\"elementor-widget-wrap\">\n\t\t\t\t\t\t\t<\/div>\n\t\t<\/div>\n\t\t\t\t\t<\/div>\n\t\t<\/section>\n\t\t<div class=\"elementor-element elementor-element-e098432 e-flex e-con-boxed e-con e-parent\" data-id=\"e098432\" data-element_type=\"container\" data-e-type=\"container\">\n\t\t\t\t\t<div class=\"e-con-inner\">\n\t\t\t\t<div class=\"elementor-element elementor-element-9ba8e20 elementor-widget elementor-widget-text-editor\" data-id=\"9ba8e20\" data-element_type=\"widget\" data-e-type=\"widget\" data-widget_type=\"text-editor.default\">\n\t\t\t\t<div class=\"elementor-widget-container\">\n\t\t\t\t\t\t\t\t\t<div id=\"model-response-message-contentr_e2760566bf007b0b\" class=\"markdown markdown-main-panel stronger\" dir=\"ltr\"><h2 data-sourcepos=\"1:1-1:46\">Perguntas Frequentes (FAQ) &#8211; foxstorebr.com<\/h2><p data-sourcepos=\"5:1-5:226\">Pensando em facilitar sua experi\u00eancia de compra online na <strong>foxstorebr.com<\/strong>, reunimos as perguntas mais frequentes de nossos clientes. Caso sua d\u00favida n\u00e3o esteja listada aqui, entre em contato com nossa equipe de atendimento!<\/p><p data-sourcepos=\"7:1-7:24\"><strong>1. Cadastro e Conta:<\/strong><\/p><ul data-sourcepos=\"9:1-20:0\"><li data-sourcepos=\"9:1-11:0\"><p><span style=\"text-decoration: underline;\"><em><strong>Preciso me cadastrar para comprar na foxstorebr.com?<\/strong><\/em><\/span><\/p><p>Sim, para realizar compras e ter acesso ao seu hist\u00f3rico de pedidos, informa\u00e7\u00f5es de entrega e outras funcionalidades, \u00e9 necess\u00e1rio criar uma conta em nosso site. O processo de cadastro \u00e9 r\u00e1pido e simples.<\/p><\/li><li data-sourcepos=\"12:1-14:0\"><p><span style=\"text-decoration: underline;\"><em><strong>Como fa\u00e7o para me cadastrar?<\/strong><\/em><\/span><\/p><p>Clique em &#8220;Minha Conta&#8221; ou no \u00edcone de perfil no canto superior direito do site e selecione a op\u00e7\u00e3o &#8220;Criar Conta&#8221;. Preencha o formul\u00e1rio com seus dados e siga as instru\u00e7\u00f5es.<\/p><\/li><li data-sourcepos=\"15:1-17:0\"><p><span style=\"text-decoration: underline;\"><em><strong>Esqueci minha senha. O que devo fazer?<\/strong><\/em><\/span><\/p><p>Na p\u00e1gina de login, clique em &#8220;Esqueci minha senha&#8221;. Informe seu e-mail de cadastro e enviaremos um link para voc\u00ea redefinir sua senha.<\/p><\/li><li data-sourcepos=\"18:1-20:0\"><p><span style=\"text-decoration: underline;\"><em><strong>Posso alterar meus dados cadastrais?<\/strong><\/em><\/span><\/p><p>Sim, ap\u00f3s fazer login em sua conta, acesse a se\u00e7\u00e3o &#8220;Meus Dados&#8221; ou &#8220;Informa\u00e7\u00f5es da Conta&#8221; para editar suas informa\u00e7\u00f5es pessoais, endere\u00e7o de entrega, etc.<\/p><\/li><\/ul><p data-sourcepos=\"21:1-21:26\"><strong>2. Produtos e Estoque:<\/strong><\/p><ul data-sourcepos=\"23:1-34:0\"><li data-sourcepos=\"23:1-25:0\"><p><strong><span style=\"text-decoration: underline;\"><em>Os produtos apresentados no site est\u00e3o dispon\u00edveis para pronta entrega?<\/em><\/span><\/strong><\/p><p>Sim, em geral, os produtos que est\u00e3o dispon\u00edveis para compra em nosso site est\u00e3o em estoque para pronta entrega. Caso algum item esteja temporariamente indispon\u00edvel, essa informa\u00e7\u00e3o ser\u00e1 claramente indicada na p\u00e1gina do produto.<\/p><\/li><li data-sourcepos=\"26:1-28:0\"><p><span style=\"text-decoration: underline;\"><em><strong>Como posso encontrar um produto espec\u00edfico?<\/strong><\/em><\/span><\/p><p>Voc\u00ea pode utilizar a barra de busca localizada no topo do site, digitando o nome do produto, palavra-chave ou c\u00f3digo de refer\u00eancia. Tamb\u00e9m pode navegar pelas categorias de produtos dispon\u00edveis em nosso menu.<\/p><\/li><li data-sourcepos=\"29:1-31:0\"><p><span style=\"text-decoration: underline;\"><em><strong>As fotos dos produtos s\u00e3o fi\u00e9is aos produtos reais?<\/strong><\/em><\/span><\/p><p>Nossas fotos s\u00e3o produzidas para apresentar os produtos da forma mais fiel poss\u00edvel. No entanto, podem ocorrer pequenas varia\u00e7\u00f5es de cor devido \u00e0s configura\u00e7\u00f5es do seu monitor ou ilumina\u00e7\u00e3o durante a fotografia.<\/p><\/li><li data-sourcepos=\"32:1-34:0\"><p><span style=\"text-decoration: underline;\"><em><strong>Posso comprar em atacado?<\/strong><\/em><\/span><\/p><p>Para consultas sobre compras em atacado, por favor, entre em contato com nossa equipe comercial atrav\u00e9s do e-mail contato@foxstorebr.com.<\/p><\/li><\/ul><p data-sourcepos=\"35:1-35:28\"><strong>3. Pedidos e Pagamentos:<\/strong><\/p><ul data-sourcepos=\"37:1-51:0\"><li data-sourcepos=\"37:1-39:0\"><p><span style=\"text-decoration: underline;\"><em><strong>Como fa\u00e7o para realizar um pedido?<\/strong><\/em><\/span><\/p><p>Navegue pelo site, escolha os produtos desejados e adicione-os ao seu carrinho de compras. Clique no \u00edcone do carrinho para visualizar os itens e, em seguida, clique em &#8220;Finalizar Compra&#8221;. Siga os passos indicados, preenchendo seus dados de entrega e escolhendo a forma de pagamento.<\/p><\/li><li data-sourcepos=\"40:1-42:0\"><p><span style=\"text-decoration: underline;\"><strong><em>Quais formas de pagamento s\u00e3o aceitas na foxstorebr.com?<\/em><\/strong><\/span><\/p><p>Aceitamos diversas formas de pagamento, incluindo <strong>cart\u00f5es de cr\u00e9dito (Visa, Mastercard, PayPal, etc), boleto banc\u00e1rio e PIX<\/strong>. As op\u00e7\u00f5es de pagamento dispon\u00edveis ser\u00e3o apresentadas na tela de finaliza\u00e7\u00e3o da compra.<\/p><\/li><li data-sourcepos=\"43:1-45:0\"><p><strong><span style=\"text-decoration: underline;\"><em>Posso parcelar minhas compras?<\/em><\/span><\/strong><\/p><p>Sim, oferecemos a op\u00e7\u00e3o de parcelamento em compras realizadas com cart\u00e3o de cr\u00e9dito. O n\u00famero de parcelas e as condi\u00e7\u00f5es (com ou sem juros) podem variar de acordo com o valor total do pedido e as promo\u00e7\u00f5es vigentes. Essas informa\u00e7\u00f5es ser\u00e3o apresentadas no momento da escolha da forma de pagamento.<\/p><\/li><li data-sourcepos=\"46:1-48:0\"><p><strong><span style=\"text-decoration: underline;\"><em>Meu pagamento n\u00e3o foi aprovado. O que devo fazer?<\/em><\/span><\/strong><\/p><p>Verifique se os dados do seu cart\u00e3o de cr\u00e9dito foram digitados corretamente (n\u00famero, validade, c\u00f3digo de seguran\u00e7a). Entre em contato com a administradora do seu cart\u00e3o para verificar se h\u00e1 algum problema ou bloqueio. Se o problema persistir, tente outra forma de pagamento ou entre em contato com nosso atendimento ao cliente.<\/p><\/li><li data-sourcepos=\"49:1-51:0\"><p><span style=\"text-decoration: underline;\"><em><strong>Como posso acompanhar o status do meu pedido?<\/strong><\/em><\/span><\/p><p>Ap\u00f3s a confirma\u00e7\u00e3o do pagamento, voc\u00ea receber\u00e1 um e-mail com os detalhes do seu pedido. Para acompanhar o status da entrega, fa\u00e7a login em sua conta e acesse a se\u00e7\u00e3o &#8220;Meus Pedidos&#8221;. L\u00e1 voc\u00ea encontrar\u00e1 informa\u00e7\u00f5es atualizadas sobre o envio.<\/p><\/li><\/ul><p data-sourcepos=\"52:1-52:23\"><strong>4. Envio e Entrega:<\/strong><\/p><ul data-sourcepos=\"54:1-68:0\"><li data-sourcepos=\"54:1-56:0\"><p><span style=\"text-decoration: underline;\"><em><strong>Qual o prazo de entrega do meu pedido?<\/strong><\/em><\/span><\/p><p>O prazo de entrega varia de acordo com o seu endere\u00e7o de entrega e a modalidade de frete escolhida (Sedex, PAC, transportadora, etc.). Voc\u00ea poder\u00e1 calcular o prazo estimado de entrega no carrinho de compras, informando seu CEP. O prazo come\u00e7a a contar a partir da confirma\u00e7\u00e3o do pagamento e da postagem do pedido.<\/p><\/li><li data-sourcepos=\"57:1-59:0\"><p><span style=\"text-decoration: underline;\"><em><strong>Qual o valor do frete?<\/strong><\/em><\/span><\/p><p>O valor do frete tamb\u00e9m varia de acordo com o seu endere\u00e7o de entrega, o peso e as dimens\u00f5es dos produtos e a modalidade de frete escolhida. Voc\u00ea poder\u00e1 calcular o valor do frete no carrinho de compras, informando seu CEP.<\/p><\/li><li data-sourcepos=\"60:1-62:0\"><p><span style=\"text-decoration: underline;\"><em><strong>A foxstorebr.com entrega em todo o Brasil?<\/strong><\/em><\/span><\/p><p>Sim, realizamos entregas em todo o territ\u00f3rio nacional atrav\u00e9s de diversas op\u00e7\u00f5es de envio.<\/p><\/li><li data-sourcepos=\"63:1-65:0\"><p><strong><span style=\"text-decoration: underline;\"><em>Posso alterar o endere\u00e7o de entrega ap\u00f3s a finaliza\u00e7\u00e3o do pedido?<\/em><\/span><\/strong><\/p><p>Ap\u00f3s a finaliza\u00e7\u00e3o do pedido, n\u00e3o \u00e9 poss\u00edvel alterar o endere\u00e7o de entrega diretamente pelo site. Caso precise realizar uma altera\u00e7\u00e3o, entre em contato com nossa equipe de atendimento o mais r\u00e1pido poss\u00edvel para verificarmos a possibilidade, dependendo do status do envio.<\/p><\/li><li data-sourcepos=\"66:1-68:0\"><p><strong><em><span style=\"text-decoration: underline;\">O que acontece se n\u00e3o houver ningu\u00e9m para receber meu pedido?<\/span><\/em><\/strong><\/p><p>A transportadora ou os Correios realizam algumas tentativas de entrega no endere\u00e7o indicado. Caso n\u00e3o haja sucesso, o pedido poder\u00e1 ser direcionado para a ag\u00eancia mais pr\u00f3xima para retirada ou retornar para a foxstorebr.com. Nesse caso, entraremos em contato para definirmos os pr\u00f3ximos passos.<\/p><\/li><\/ul><p data-sourcepos=\"69:1-69:27\"><strong>5. Trocas e Devolu\u00e7\u00f5es:<\/strong><\/p><ul data-sourcepos=\"71:1-85:0\"><li data-sourcepos=\"71:1-73:0\"><p><span style=\"text-decoration: underline;\"><em><strong>Qual a pol\u00edtica de troca e devolu\u00e7\u00e3o da foxstorebr.com?<\/strong><\/em><\/span><\/p><p>Nossa Pol\u00edtica de Reembolso e Devolu\u00e7\u00f5es detalhada pode ser consultada <a href=\"https:\/\/foxstorebr.com\/fsbr\/policy-of-refund\/\" data-wplink-url-error=\"true\">Pol\u00edtica de devolu\u00e7\u00f5es<\/a>. Em resumo, aceitamos devolu\u00e7\u00f5es por defeito de fabrica\u00e7\u00e3o, produto recebido diferente do solicitado, produto danificado durante o transporte e por arrependimento da compra dentro do prazo de 7 dias corridos ap\u00f3s o recebimento, desde que o produto esteja em estado original e com todos os acess\u00f3rios.<\/p><\/li><li data-sourcepos=\"74:1-76:0\"><p><span style=\"text-decoration: underline;\"><em><strong>Como fa\u00e7o para solicitar uma troca ou devolu\u00e7\u00e3o?<\/strong><\/em><\/span><\/p><p>Para iniciar o processo de troca ou devolu\u00e7\u00e3o, entre em contato com nosso atendimento atrav\u00e9s do e-mail contato@foxstorebr.com, telefone +55 (63) 9 9258-1001 ou <a href=\"https:\/\/foxstorebr.com\/fsbr\/contact-us\/\" data-wplink-url-error=\"true\">formul\u00e1rio de contato<\/a>, informando os detalhes da compra e o motivo da solicita\u00e7\u00e3o.<\/p><\/li><li data-sourcepos=\"77:1-79:0\"><p><span style=\"text-decoration: underline;\"><em><strong>Qual o prazo para solicitar uma troca ou devolu\u00e7\u00e3o?<\/strong><\/em><\/span><\/p><p>Para devolu\u00e7\u00f5es por arrependimento, o prazo \u00e9 de 7 dias corridos a partir do recebimento do produto. Para defeitos de fabrica\u00e7\u00e3o ou outros problemas, o prazo pode variar conforme a legisla\u00e7\u00e3o e a an\u00e1lise do caso. Consulte nossa Pol\u00edtica de Reembolso e Devolu\u00e7\u00f5es para mais detalhes.<\/p><\/li><li data-sourcepos=\"80:1-82:0\"><p><span style=\"text-decoration: underline;\"><em><strong>Quem arca com os custos de envio em caso de troca ou devolu\u00e7\u00e3o?<\/strong><\/em><\/span><\/p><p>Em casos de erro da loja (produto errado ou com defeito), os custos de envio da devolu\u00e7\u00e3o e da nova remessa (se aplic\u00e1vel) ser\u00e3o cobertos pela foxstorebr.com. Em caso de devolu\u00e7\u00e3o por arrependimento, os custos de frete s\u00e3o de responsabilidade do cliente.<\/p><\/li><li data-sourcepos=\"83:1-85:0\"><p><span style=\"text-decoration: underline;\"><em><strong>Qual o prazo para o reembolso ap\u00f3s a devolu\u00e7\u00e3o?<\/strong><\/em><\/span><\/p><p>Ap\u00f3s a aprova\u00e7\u00e3o da devolu\u00e7\u00e3o, o reembolso ser\u00e1 realizado conforme a forma de pagamento original, em at\u00e9 10 dias \u00fateis. Os prazos espec\u00edficos para estorno no cart\u00e3o de cr\u00e9dito podem variar de acordo com a administradora.<\/p><\/li><\/ul><p data-sourcepos=\"86:1-86:31\"><strong>6. Seguran\u00e7a e Privacidade:<\/strong><\/p><ul data-sourcepos=\"88:1-96:0\"><li data-sourcepos=\"88:1-90:0\"><p><span style=\"text-decoration: underline;\"><em><strong>Meus dados pessoais est\u00e3o seguros na foxstorebr.com?<\/strong><\/em><\/span><\/p><p>Sim, a seguran\u00e7a dos seus dados pessoais \u00e9 nossa prioridade. Utilizamos tecnologias de criptografia e medidas de seguran\u00e7a rigorosas para proteger suas informa\u00e7\u00f5es durante a navega\u00e7\u00e3o e o processo de compra, em conformidade com a Lei Geral de Prote\u00e7\u00e3o de Dados (LGPD). Para mais detalhes, consulte nossa <a href=\"https:\/\/foxstorebr.com\/fsbr\/politica-de-privacidade\/\" data-wplink-url-error=\"true\">pol\u00edtica de privacidade<\/a>.<\/p><\/li><li data-sourcepos=\"91:1-93:0\"><p><span style=\"text-decoration: underline;\"><em><strong>A foxstorebr.com compartilha meus dados com terceiros?<\/strong><\/em><\/span><\/p><p>Compartilhamos seus dados apenas com terceiros essenciais para o funcionamento da loja (como processadores de pagamento e transportadoras) e em conformidade com nossa Pol\u00edtica de Privacidade. N\u00e3o vendemos ou comercializamos suas informa\u00e7\u00f5es pessoais.<\/p><\/li><li data-sourcepos=\"94:1-96:0\"><p><span style=\"text-decoration: underline;\"><strong><em>Como a foxstorebr.com utiliza cookies?<\/em><\/strong><\/span><\/p><p>Utilizamos cookies para melhorar sua experi\u00eancia de navega\u00e7\u00e3o, personalizar conte\u00fado, analisar o tr\u00e1fego do site e direcionar ofertas relevantes. Para mais informa\u00e7\u00f5es, consulte nossa <a href=\"https:\/\/foxstorebr.com\/fsbr\/policy-of-cookies\/\" data-wplink-url-error=\"true\">pol\u00edtica de cookies<\/a>.<\/p><\/li><\/ul><p data-sourcepos=\"97:1-97:30\"><strong>7. Atendimento ao Cliente:<\/strong><\/p><ul data-sourcepos=\"99:1-108:0\"><li data-sourcepos=\"99:1-105:0\"><p><strong><em><span style=\"text-decoration: underline;\">Como posso entrar em contato com a foxstorebr.com?<\/span><\/em><\/strong><\/p><p>Voc\u00ea pode entrar em contato com nossa equipe de atendimento atrav\u00e9s dos seguintes canais:<\/p><p><!--StartFragment -->\r\n<ul>\r\n \t<li><strong>E-mail:<\/strong> contato@foxstorebr.com<\/li>\r\n \t<li><strong>Telefone:<\/strong> +55 (63) 9 9258-1001<\/li>\r\n \t<li><strong>Endere\u00e7o:<\/strong> Av. Dos Ip\u00eas, 450 &#8211; Boulevard<\/li>\r\n<\/ul>\r\n&nbsp;<\/p><\/li><li data-sourcepos=\"106:1-108:0\"><p><span style=\"text-decoration: underline;\"><em><strong>Qual o hor\u00e1rio de atendimento?<\/strong><\/em><\/span><\/p><p>Seg \u00e0 Sex 8h &#8211; 18h e\u00a0S\u00e1b 8h as 13h<\/p><\/li><\/ul><p data-sourcepos=\"109:1-109:137\">Esperamos que este FAQ tenha esclarecido suas principais d\u00favidas. Agradecemos por escolher a <strong>foxstorebr.com<\/strong> para suas compras online!<\/p><\/div>\t\t\t\t\t\t\t\t<\/div>\n\t\t\t\t<\/div>\n\t\t\t\t\t<\/div>\n\t\t\t\t<\/div>\n\t\t\t\t<\/div>\n\t\t","protected":false},"excerpt":{"rendered":"<p>Perguntas Frequentes (FAQ) &#8211; foxstorebr.com Pensando em facilitar sua experi\u00eancia de compra online na foxstorebr.com, reunimos as perguntas mais frequentes de nossos clientes. Caso sua&#8230;<\/p>\n","protected":false},"author":1,"featured_media":0,"parent":0,"menu_order":0,"comment_status":"closed","ping_status":"closed","template":"","meta":{"footnotes":""},"class_list":["post-581","page","type-page","status-publish","hentry"],"_links":{"self":[{"href":"https:\/\/foxstorebr.com\/fsbr\/wp-json\/wp\/v2\/pages\/581","targetHints":{"allow":["GET"]}}],"collection":[{"href":"https:\/\/foxstorebr.com\/fsbr\/wp-json\/wp\/v2\/pages"}],"about":[{"href":"https:\/\/foxstorebr.com\/fsbr\/wp-json\/wp\/v2\/types\/page"}],"author":[{"embeddable":true,"href":"https:\/\/foxstorebr.com\/fsbr\/wp-json\/wp\/v2\/users\/1"}],"replies":[{"embeddable":true,"href":"https:\/\/foxstorebr.com\/fsbr\/wp-json\/wp\/v2\/comments?post=581"}],"version-history":[{"count":19,"href":"https:\/\/foxstorebr.com\/fsbr\/wp-json\/wp\/v2\/pages\/581\/revisions"}],"predecessor-version":[{"id":3431,"href":"https:\/\/foxstorebr.com\/fsbr\/wp-json\/wp\/v2\/pages\/581\/revisions\/3431"}],"wp:attachment":[{"href":"https:\/\/foxstorebr.com\/fsbr\/wp-json\/wp\/v2\/media?parent=581"}],"curies":[{"name":"wp","href":"https:\/\/api.w.org\/{rel}","templated":true}]}}